{"id":6,"date":"2018-08-28T19:49:50","date_gmt":"2018-08-28T22:49:50","guid":{"rendered":"http:\/\/www.aquatrosolucoes.com\/?page_id=6"},"modified":"2018-09-26T17:59:00","modified_gmt":"2018-09-26T20:59:00","slug":"quem-somos","status":"publish","type":"page","link":"https:\/\/www.aquatrosolucoes.com\/index.php\/quem-somos\/","title":{"rendered":"QUEM SOMOS"},"content":{"rendered":"<p><section class=\"kc-elm kc-css-24765 kc_row\"><div class=\"kc-row-container  kc-container\"><div class=\"kc-wrap-columns\"><div class=\"kc-elm kc-css-458912 kc_col-sm-12 kc_column kc_col-sm-12\"><div class=\"kc-col-container\"><div class=\"kc-elm kc-css-111357\" style=\"height: 60px; clear: both; width:100%;\"><\/div><\/div><\/div><\/div><\/div><\/section><section class=\"kc-elm kc-css-723967 kc_row\"><div class=\"kc-row-container  kc-container\"><div class=\"kc-wrap-columns\"><div class=\"kc-elm kc-css-279231 kc_col-sm-6 kc_column kc_col-sm-6\"><div class=\"kc-col-container\"><div class=\"kc-elm kc-css-521698 kc_row kc_row_inner\"><div class=\"kc-elm kc-css-558305 kc_col-sm-12 kc_column_inner kc_col-sm-12\"><div class=\"kc_wrapper kc-col-inner-container\"><div class=\"kc-elm kc-css-338909\">\n\t<div class=\"kc-carousel_images kc-elm kc-css-338909\">\n\t\n\t\t<div class=\"kc-carousel-images owl-carousel-images kc-sync1 \" data-owl-i-options='{\"items\":\"1\",\"tablet\":\"1\",\"mobile\":\"1\",\"speed\":\"500\",\"navigation\":\"\",\"pagination\":\"yes\",\"autoheight\":\"\",\"progressbar\":\"yes\",\"delay\":\"8\",\"autoplay\":\"yes\",\"showthumb\":\"\",\"num_thumb\":\"5\"}'>\n\t\n\t\t\t\t\t<div class=\"item\">\n\t\n\t\t\t\t\t\t\t<img decoding=\"async\" src=\"https:\/\/www.aquatrosolucoes.com\/wp-content\/uploads\/a4solucoes-quemsomos2.jpg\"  alt=\"\"\/>\n\t\n\t\t\t\t\n\t\t\t<\/div>\n\t\n\t\t\t\t\t<div class=\"item\">\n\t\n\t\t\t\t\t\t\t<img decoding=\"async\" src=\"https:\/\/www.aquatrosolucoes.com\/wp-content\/uploads\/a4solucoes-quemsomos3.jpg\"  alt=\"\"\/>\n\t\n\t\t\t\t\n\t\t\t<\/div>\n\t\n\t\t\t\t\t<div class=\"item\">\n\t\n\t\t\t\t\t\t\t<img decoding=\"async\" src=\"https:\/\/www.aquatrosolucoes.com\/wp-content\/uploads\/a4solucoes-quemsomos1.jpg\"  alt=\"\"\/>\n\t\n\t\t\t\t\n\t\t\t<\/div>\n\t\n\t\t\t\n\t\t<\/div>\n\t\n\t\t\t<\/div>\n<\/div>\n<\/div><\/div><\/div><\/div><\/div><div class=\"kc-elm kc-css-182606 kc_col-sm-6 kc_column kc_col-sm-6\"><div class=\"kc-col-container\">\n<div class=\"kc-elm kc-css-459351 kc-title-wrap \">\n\n\t<h2 class=\"kc_title\">Quem Somos<\/h2>\n<\/div>\n<div class=\"kc-elm kc-css-710551 kc_text_block\"><\/p>\n<p>A4 Solu\u00e7\u00f5es, \u00e9 uma empresa cuja finalidade \u00e9 oferecer servi\u00e7os de documenta\u00e7\u00e3o e assessoria na produ\u00e7\u00e3o de eventos, realizando todo o planejamento e desenvolvimento para que o evento seja executado com toda efici\u00eancia e efic\u00e1cia, uma empresa facilitadora que ir\u00e1 colocar a sua ideia em pr\u00e1tica.<\/p>\n<p>Contamos com uma equipe de profissionais altamente capacitados e experientes. Com matriz em Curitiba, atuamos no mercado de produ\u00e7\u00e3o de eventos em todo o Brasil. Temos a imensa capacidade de solucionar contratempos e colocar em pr\u00e1tica a resolu\u00e7\u00e3o para a tal. N\u00e3o poupamos esfor\u00e7os para a qualidade e realiza\u00e7\u00e3o do seu evento.<\/p>\n<p>Nossa experi\u00eancia e comprometimento \u00e9 refletida atrav\u00e9s dos nossos parceiros. A garantia de que todo o planejamento ser\u00e1 realizado com muita efici\u00eancia e responsabilidade \u00e9 manifestada em todas as etapas do evento: desde o briefing ao p\u00f3s-evento. Iremos cuidar de todas as etapas e transformar em realidade o que planejou.<\/p>\n<p>\n<\/div><\/div><\/div><\/div><\/div><\/section><\/p>\n","protected":false},"excerpt":{"rendered":"","protected":false},"author":1,"featured_media":0,"parent":0,"menu_order":2,"comment_status":"closed","ping_status":"closed","template":"","meta":{"footnotes":""},"class_list":["post-6","page","type-page","status-publish","hentry"],"_links":{"self":[{"href":"https:\/\/www.aquatrosolucoes.com\/index.php\/wp-json\/wp\/v2\/pages\/6","targetHints":{"allow":["GET"]}}],"collection":[{"href":"https:\/\/www.aquatrosolucoes.com\/index.php\/wp-json\/wp\/v2\/pages"}],"about":[{"href":"https:\/\/www.aquatrosolucoes.com\/index.php\/wp-json\/wp\/v2\/types\/page"}],"author":[{"embeddable":true,"href":"https:\/\/www.aquatrosolucoes.com\/index.php\/wp-json\/wp\/v2\/users\/1"}],"replies":[{"embeddable":true,"href":"https:\/\/www.aquatrosolucoes.com\/index.php\/wp-json\/wp\/v2\/comments?post=6"}],"version-history":[{"count":47,"href":"https:\/\/www.aquatrosolucoes.com\/index.php\/wp-json\/wp\/v2\/pages\/6\/revisions"}],"predecessor-version":[{"id":365,"href":"https:\/\/www.aquatrosolucoes.com\/index.php\/wp-json\/wp\/v2\/pages\/6\/revisions\/365"}],"wp:attachment":[{"href":"https:\/\/www.aquatrosolucoes.com\/index.php\/wp-json\/wp\/v2\/media?parent=6"}],"curies":[{"name":"wp","href":"https:\/\/api.w.org\/{rel}","templated":true}]}}